{"id":40,"date":"2021-02-18T19:38:01","date_gmt":"2021-02-18T18:38:01","guid":{"rendered":"https:\/\/academia-siento.de\/?page_id=40"},"modified":"2023-10-17T15:20:36","modified_gmt":"2023-10-17T13:20:36","slug":"impressum","status":"publish","type":"page","link":"https:\/\/academia-siento.de\/?page_id=40","title":{"rendered":"Impressum"},"content":{"rendered":"\n<p><strong>Dorothee Schluchter<\/strong><br>Bitzfeld<br>Br\u00fchlstra\u00dfe 8<br>74626 Bretzfeld<br>Telefon: 07946 &#8211; 95655<br>E-Mail: info@academia-siento.de<\/p>\n\n\n\n<p><strong>Berufsbezeichnung: Heilpraktikerin<\/strong><br>Heilpraktikererlaubnis in Deutschland erteilt am 29.November 2004 durch das Gesundheitsamt Heilbronn<\/p>\n\n\n\n<p><strong>Rechtsgrundlagen:<\/strong><br>Heilpraktikergesetz \u201eGesetz \u00fcber die berufsm\u00e4\u00dfige Aus\u00fcbung der Heilkunde ohne Bestallung\u201c vom 17.02.1939, ge\u00e4ndert durch Art.53 des EGStGB vom 02.03.1974 (BGB1. I S.469).<br>Die berufsrechtliche Regelung kann unter www.gesetze-im-internet.de und dort unter Stichwort\/Titelsuche \u201eHeilpraktikergesetz\u201c eingesehen werden.<\/p>\n\n\n\n<p><strong>Verantwortlich f\u00fcr den Inhalt:<\/strong><br>Dorothee Schluchter<br>Br\u00fchlstra\u00dfe 8<br>74626 Bretzfeld<\/p>\n\n\n\n<p><strong>Haftung f\u00fcr fremde Inhalte:<\/strong><br>Soweit diese Seiten direkte oder indirekte Verweise auf fremde Inhalte enthalten, macht sich der Anbieter diese Inhalte nicht zu Eigen. Grunds\u00e4tzlich ist der Fremdanbieter f\u00fcr illegale oder fehlerhafte Inhalte selbst verantwortlich. Gleichwohl werden Fremdinhalte, auf die verwiesen wird, durch den Anbieter sorgf\u00e4ltig \u00fcberpr\u00fcft und regelm\u00e4\u00dfig kontrolliert. Erh\u00e4lt der Anbieter Kenntnis, dass Fremdinhalte illegal oder fehlerhaft sind, werden entsprechende Verweise sofort entfernt.<\/p>\n","protected":false},"excerpt":{"rendered":"<p>Dorothee SchluchterBitzfeldBr\u00fchlstra\u00dfe 874626 BretzfeldTelefon: 07946 &#8211; 95655E-Mail: info@academia-siento.de Berufsbezeichnung: HeilpraktikerinHeilpraktikererlaubnis in Deutschland erteilt am 29.November 2004 durch das Gesundheitsamt Heilbronn Rechtsgrundlagen:Heilpraktikergesetz \u201eGesetz \u00fcber die berufsm\u00e4\u00dfige Aus\u00fcbung der Heilkunde ohne Bestallung\u201c vom 17.02.1939, ge\u00e4ndert durch Art.53 des EGStGB vom 02.03.1974 (BGB1. I S.469).Die berufsrechtliche Regelung kann unter www.gesetze-im-internet.de und dort unter Stichwort\/Titelsuche \u201eHeilpraktikergesetz\u201c eingesehen werden. Verantwortlich &#8230; <a title=\"Impressum\" class=\"read-more\" href=\"https:\/\/academia-siento.de\/?page_id=40\" aria-label=\"Mehr Informationen \u00fcber Impressum\">Weiterlesen<\/a><\/p>\n","protected":false},"author":1,"featured_media":0,"parent":0,"menu_order":0,"comment_status":"closed","ping_status":"closed","template":"","meta":{"footnotes":""},"class_list":["post-40","page","type-page","status-publish"],"_links":{"self":[{"href":"https:\/\/academia-siento.de\/index.php?rest_route=\/wp\/v2\/pages\/40","targetHints":{"allow":["GET"]}}],"collection":[{"href":"https:\/\/academia-siento.de\/index.php?rest_route=\/wp\/v2\/pages"}],"about":[{"href":"https:\/\/academia-siento.de\/index.php?rest_route=\/wp\/v2\/types\/page"}],"author":[{"embeddable":true,"href":"https:\/\/academia-siento.de\/index.php?rest_route=\/wp\/v2\/users\/1"}],"replies":[{"embeddable":true,"href":"https:\/\/academia-siento.de\/index.php?rest_route=%2Fwp%2Fv2%2Fcomments&post=40"}],"version-history":[{"count":3,"href":"https:\/\/academia-siento.de\/index.php?rest_route=\/wp\/v2\/pages\/40\/revisions"}],"predecessor-version":[{"id":754,"href":"https:\/\/academia-siento.de\/index.php?rest_route=\/wp\/v2\/pages\/40\/revisions\/754"}],"wp:attachment":[{"href":"https:\/\/academia-siento.de\/index.php?rest_route=%2Fwp%2Fv2%2Fmedia&parent=40"}],"curies":[{"name":"wp","href":"https:\/\/api.w.org\/{rel}","templated":true}]}}