{"id":2,"date":"2021-02-18T17:41:51","date_gmt":"2021-02-18T17:41:51","guid":{"rendered":"https:\/\/academia-siento.de\/?page_id=2"},"modified":"2025-01-12T23:24:31","modified_gmt":"2025-01-12T22:24:31","slug":"sample-page","status":"publish","type":"page","link":"https:\/\/academia-siento.de\/","title":{"rendered":"Bitte beachten:"},"content":{"rendered":"\n<p><strong>Academia Siento &#8211; Ausbildung in emotionaler Kompetenz<\/strong><\/p>\n\n\n\n<p><strong>wird zu<\/strong><\/p>\n\n\n\n<p><strong>cuatrosoma \u2013 Praxis und Zentrum f\u00fcr Vier-K\u00f6rper-Therapie!<\/strong><\/p>\n\n\n\n<p>Daher wird diese Homepage nicht mehr aktualisiert und Sie finden die aktuellen Informationen bei <a href=\"http:\/\/www.cuatrosoma.de\" data-type=\"link\" data-id=\"www.cuatrosoma.de\">www.cuatrosoma.de<\/a><strong><br><br>Vor nun schon fast 20 Jahren, am 2. November 2005 bin ich mit meiner Praxis Theodora gestartet und sp\u00e4ter kam mit der Erweiterung des Angebots in Sachen Emotionalarbeit die Academia Siento dazu.<br><br>Jetzt, 2025, f\u00fchre ich diese beiden Bereiche meiner Arbeit wieder zusammen und erweitere sie um die bewusst ausgew\u00e4hlten und erlernten&nbsp;physischen Behandlungsweisen Liebscher &amp; Bracht und Augentraining.<br><br>Hinter dem neuen Konzept steht die Idee, Menschen daf\u00fcr zu sensibilisieren, dass ein menschliches System sowohl aus der Physis, also dem physischen K\u00f6rper, als auch aus den so genannten feinstofflichen K\u00f6rpern besteht, die die Aura bilden.<br><br>Je nach Erkl\u00e4rungsmodell&nbsp;werden bis zu 12 dieser feinstofflichen K\u00f6rper unterschieden, meine Erfahrungen in den letzten Jahren ist, dass Menschen ziemlich schnell lernen, ganz bewusst 3 der feinstoffliche&nbsp;K\u00f6rper zu unterscheiden und damit zu arbeiten.<br><br>Fr\u00fchzeitiges arbeiten in den feinstofflichen K\u00f6rpern verhindert mitunter, dass sich St\u00f6rungen im physischen K\u00f6rper \u00fcberhaupt manifestieren.<br><br>Umgekehrt kann mit bewusster physischer Arbeit das gesamte Wohlbefinden auch in den feinstofflichen K\u00f6rpern gesteigert werden.<br><br>Und so gibt es jetzt ganz bewusst \u201eunter einem Dach\u201c Trainings- und Behandlungs- und Ausbildungsangebote f\u00fcr den physischen K\u00f6rper, den emotionalen K\u00f6rper, den mentalen K\u00f6rper und f\u00fcr den spirituellen K\u00f6rper.<br><br>Das ist die Vier-K\u00f6rper-Therapie.<\/strong><\/p>\n\n\n\n<p><\/p>\n\n\n\n<p><\/p>\n","protected":false},"excerpt":{"rendered":"<p>Academia Siento &#8211; Ausbildung in emotionaler Kompetenz wird zu cuatrosoma \u2013 Praxis und Zentrum f\u00fcr Vier-K\u00f6rper-Therapie! Daher wird diese Homepage nicht mehr aktualisiert und Sie finden die aktuellen Informationen bei www.cuatrosoma.de Vor nun schon fast 20 Jahren, am 2. November 2005 bin ich mit meiner Praxis Theodora gestartet und sp\u00e4ter kam mit der Erweiterung des &#8230; <a title=\"Bitte beachten:\" class=\"read-more\" href=\"https:\/\/academia-siento.de\/\" aria-label=\"Mehr Informationen \u00fcber Bitte beachten:\">Weiterlesen<\/a><\/p>\n","protected":false},"author":1,"featured_media":0,"parent":0,"menu_order":0,"comment_status":"closed","ping_status":"open","template":"","meta":{"footnotes":""},"class_list":["post-2","page","type-page","status-publish"],"_links":{"self":[{"href":"https:\/\/academia-siento.de\/index.php?rest_route=\/wp\/v2\/pages\/2","targetHints":{"allow":["GET"]}}],"collection":[{"href":"https:\/\/academia-siento.de\/index.php?rest_route=\/wp\/v2\/pages"}],"about":[{"href":"https:\/\/academia-siento.de\/index.php?rest_route=\/wp\/v2\/types\/page"}],"author":[{"embeddable":true,"href":"https:\/\/academia-siento.de\/index.php?rest_route=\/wp\/v2\/users\/1"}],"replies":[{"embeddable":true,"href":"https:\/\/academia-siento.de\/index.php?rest_route=%2Fwp%2Fv2%2Fcomments&post=2"}],"version-history":[{"count":12,"href":"https:\/\/academia-siento.de\/index.php?rest_route=\/wp\/v2\/pages\/2\/revisions"}],"predecessor-version":[{"id":832,"href":"https:\/\/academia-siento.de\/index.php?rest_route=\/wp\/v2\/pages\/2\/revisions\/832"}],"wp:attachment":[{"href":"https:\/\/academia-siento.de\/index.php?rest_route=%2Fwp%2Fv2%2Fmedia&parent=2"}],"curies":[{"name":"wp","href":"https:\/\/api.w.org\/{rel}","templated":true}]}}